{"id":2,"date":"2024-10-25T11:22:47","date_gmt":"2024-10-25T11:22:47","guid":{"rendered":"https:\/\/peluqueriaelemen.rkinformatika.online\/?page_id=2"},"modified":"2025-02-25T14:57:12","modified_gmt":"2025-02-25T14:57:12","slug":"inicio","status":"publish","type":"page","link":"https:\/\/carroceriasolakueta.com\/eu\/","title":{"rendered":"Hasiera"},"content":{"rendered":"<div data-elementor-type=\"wp-page\" data-elementor-id=\"2\" class=\"elementor elementor-2\" data-elementor-post-type=\"page\">\n\t\t\t\t\t\t<section class=\"elementor-section elementor-top-section elementor-element elementor-element-bf1b21e elementor-section-full_width elementor-section-height-min-height elementor-section-height-default elementor-section-items-middle\" data-id=\"bf1b21e\" data-element_type=\"section\" data-e-type=\"section\" data-settings=\"{&quot;background_background&quot;:&quot;classic&quot;}\">\n\t\t\t\t\t\t\t<div class=\"elementor-background-overlay\"><\/div>\n\t\t\t\t\t\t\t<div class=\"elementor-container elementor-column-gap-default\">\n\t\t\t\t\t<div class=\"elementor-column elementor-col-100 elementor-top-column elementor-element elementor-element-24dbef9\" data-id=\"24dbef9\" data-element_type=\"column\" data-e-type=\"column\">\n\t\t\t<div class=\"elementor-widget-wrap elementor-element-populated\">\n\t\t\t\t\t\t<div class=\"elementor-element elementor-element-e3e1212 elementor-widget__width-initial elementor-widget-mobile__width-initial elementor-widget elementor-widget-heading\" data-id=\"e3e1212\" data-element_type=\"widget\" data-e-type=\"widget\" data-widget_type=\"heading.default\">\n\t\t\t\t<div class=\"elementor-widget-container\">\n\t\t\t\t\t<h1 class=\"elementor-heading-title elementor-size-default\">Olakueta karrozeriak<\/h1>\t\t\t\t<\/div>\n\t\t\t\t<\/div>\n\t\t\t\t<div class=\"elementor-element elementor-element-39af094 elementor-widget__width-initial elementor-widget-mobile__width-initial elementor-widget elementor-widget-heading\" data-id=\"39af094\" data-element_type=\"widget\" data-e-type=\"widget\" data-widget_type=\"heading.default\">\n\t\t\t\t<div class=\"elementor-widget-container\">\n\t\t\t\t\t<h2 class=\"elementor-heading-title elementor-size-default\">Berrizen zain gaituzu...<\/h2>\t\t\t\t<\/div>\n\t\t\t\t<\/div>\n\t\t\t\t<div class=\"elementor-element elementor-element-70dbc6d elementor-widget__width-initial elementor-widget-mobile__width-initial elementor-widget elementor-widget-text-editor\" data-id=\"70dbc6d\" data-element_type=\"widget\" data-e-type=\"widget\" data-widget_type=\"text-editor.default\">\n\t\t\t\t<div class=\"elementor-widget-container\">\n\t\t\t\t\t\t\t\t\t<p>Fida zaitez zure ibilgailuaz!<\/p>\t\t\t\t\t\t\t\t<\/div>\n\t\t\t\t<\/div>\n\t\t\t\t<div class=\"elementor-element elementor-element-9875d04 elementor-align-left elementor-button-info elementor-widget__width-initial elementor-widget-mobile__width-initial elementor-widget elementor-widget-button\" data-id=\"9875d04\" data-element_type=\"widget\" data-e-type=\"widget\" data-widget_type=\"button.default\">\n\t\t\t\t<div class=\"elementor-widget-container\">\n\t\t\t\t\t\t\t\t\t<div class=\"elementor-button-wrapper\">\n\t\t\t\t\t<a class=\"elementor-button elementor-button-link elementor-size-sm\" href=\"https:\/\/carroceriasolakueta.com\/eu\/servicios\/\">\n\t\t\t\t\t\t<span class=\"elementor-button-content-wrapper\">\n\t\t\t\t\t\t\t\t\t<span class=\"elementor-button-text\">Zerbitzuak<\/span>\n\t\t\t\t\t<\/span>\n\t\t\t\t\t<\/a>\n\t\t\t\t<\/div>\n\t\t\t\t\t\t\t\t<\/div>\n\t\t\t\t<\/div>\n\t\t\t\t\t<\/div>\n\t\t<\/div>\n\t\t\t\t\t<\/div>\n\t\t<\/section>\n\t\t<div class=\"elementor-element elementor-element-6c5712d e-flex e-con-boxed e-con e-parent\" data-id=\"6c5712d\" data-element_type=\"container\" data-e-type=\"container\" data-settings=\"{&quot;background_background&quot;:&quot;classic&quot;}\">\n\t\t\t\t\t<div class=\"e-con-inner\">\n\t\t<div class=\"elementor-element elementor-element-51f9353 e-flex e-con-boxed e-con e-child\" data-id=\"51f9353\" data-element_type=\"container\" data-e-type=\"container\">\n\t\t\t\t\t<div class=\"e-con-inner\">\n\t\t\t\t<div class=\"elementor-element elementor-element-680d58e elementor-widget elementor-widget-heading\" data-id=\"680d58e\" data-element_type=\"widget\" data-e-type=\"widget\" data-widget_type=\"heading.default\">\n\t\t\t\t<div class=\"elementor-widget-container\">\n\t\t\t\t\t<h2 class=\"elementor-heading-title elementor-size-default\">Carrocer\u00edas Olakueta S.L.U.<\/h2>\t\t\t\t<\/div>\n\t\t\t\t<\/div>\n\t\t\t\t<div class=\"elementor-element elementor-element-0d65c78 elementor-widget elementor-widget-text-editor\" data-id=\"0d65c78\" data-element_type=\"widget\" data-e-type=\"widget\" data-widget_type=\"text-editor.default\">\n\t\t\t\t<div class=\"elementor-widget-container\">\n\t\t\t\t\t\t\t\t\t<p>Txapan eta pinturan espezializatutako tailer mekanikoa gara, eta 35 urte baino gehiagoko esperientzia dugu automotrizaren sektorean. Gure ibilbidean zehar, etengabeko berrikuntza filosofiarekin lan egin dugu, beti zerbitzurik onena eskaintzeko. Berrizko Eituan aurkituko gaituzu, eta gure taldeak irtenbide eraginkorrak eta pertsonalizatuak emango dizkizu zure autoa egoera ezin hobean uzteko. Izan konfiantza gure esperientzian eta profesionaltasunean!<\/p><p>Erreferentziazko tailer mekanikoa gara Eituan, Berrizen, eta ezaguna da gure profesionaltasunagatik eta lan bakoitzean erakutsitako arduragatik. Fida zaitez zure ibilgailuaz eta ziurtatuko dizugu inoiz kolperik izan ez balu bezala jantziko dela!<\/p>\t\t\t\t\t\t\t\t<\/div>\n\t\t\t\t<\/div>\n\t\t\t\t\t<\/div>\n\t\t\t\t<\/div>\n\t\t<div class=\"elementor-element elementor-element-26ffaf6 e-flex e-con-boxed e-con e-child\" data-id=\"26ffaf6\" data-element_type=\"container\" data-e-type=\"container\">\n\t\t\t\t\t<div class=\"e-con-inner\">\n\t\t\t\t<div class=\"elementor-element elementor-element-040d765 elementor-widget elementor-widget-image\" data-id=\"040d765\" data-element_type=\"widget\" data-e-type=\"widget\" data-widget_type=\"image.default\">\n\t\t\t\t<div class=\"elementor-widget-container\">\n\t\t\t\t\t\t\t\t\t\t\t\t\t\t\t<img fetchpriority=\"high\" decoding=\"async\" width=\"800\" height=\"275\" src=\"https:\/\/carroceriasolakueta.com\/wp-content\/uploads\/2025\/02\/banner-1024x352.jpg\" class=\"attachment-large size-large wp-image-905\" alt=\"\" srcset=\"https:\/\/carroceriasolakueta.com\/wp-content\/uploads\/2025\/02\/banner-1024x352.jpg 1024w, https:\/\/carroceriasolakueta.com\/wp-content\/uploads\/2025\/02\/banner-300x103.jpg 300w, https:\/\/carroceriasolakueta.com\/wp-content\/uploads\/2025\/02\/banner-768x264.jpg 768w, https:\/\/carroceriasolakueta.com\/wp-content\/uploads\/2025\/02\/banner-1536x528.jpg 1536w, https:\/\/carroceriasolakueta.com\/wp-content\/uploads\/2025\/02\/banner-18x6.jpg 18w, https:\/\/carroceriasolakueta.com\/wp-content\/uploads\/2025\/02\/banner.jpg 1600w\" sizes=\"(max-width: 800px) 100vw, 800px\" \/>\t\t\t\t\t\t\t\t\t\t\t\t\t\t\t<\/div>\n\t\t\t\t<\/div>\n\t\t\t\t\t<\/div>\n\t\t\t\t<\/div>\n\t\t\t\t\t<\/div>\n\t\t\t\t<\/div>\n\t\t<div class=\"elementor-element elementor-element-71f197d e-flex e-con-boxed e-con e-parent\" data-id=\"71f197d\" data-element_type=\"container\" data-e-type=\"container\" data-settings=\"{&quot;background_background&quot;:&quot;classic&quot;}\">\n\t\t\t\t\t<div class=\"e-con-inner\">\n\t\t\t\t<div class=\"elementor-element elementor-element-8f92fc4 elementor-widget elementor-widget-heading\" data-id=\"8f92fc4\" data-element_type=\"widget\" data-e-type=\"widget\" data-widget_type=\"heading.default\">\n\t\t\t\t<div class=\"elementor-widget-container\">\n\t\t\t\t\t<h2 class=\"elementor-heading-title elementor-size-default\">Lehen mailako profesionalak ditugu, kalitatezko zerbitzua eskaintzeko eta behar duzun guztian aholkatzeko. Auto ederrenekin lan egiten dugu, eta salerosketa onenetan egiten dugu ekarpena, baita automobilaren luxuzko etxeetan ere.<\/h2>\t\t\t\t<\/div>\n\t\t\t\t<\/div>\n\t\t\t\t\t<\/div>\n\t\t\t\t<\/div>\n\t\t<div class=\"elementor-element elementor-element-7e09536 e-flex e-con-boxed e-con e-parent\" data-id=\"7e09536\" data-element_type=\"container\" data-e-type=\"container\">\n\t\t\t\t\t<div class=\"e-con-inner\">\n\t\t\t\t<div class=\"elementor-element elementor-element-f31aa70 elementor-cta--skin-cover elementor-animated-content elementor-bg-transform elementor-bg-transform-zoom-in elementor-widget elementor-widget-call-to-action\" data-id=\"f31aa70\" data-element_type=\"widget\" data-e-type=\"widget\" data-widget_type=\"call-to-action.default\">\n\t\t\t\t<div class=\"elementor-widget-container\">\n\t\t\t\t\t\t\t<div class=\"elementor-cta\">\n\t\t\t\t\t<div class=\"elementor-cta__bg-wrapper\">\n\t\t\t\t<div class=\"elementor-cta__bg elementor-bg\" style=\"background-image: url(https:\/\/carroceriasolakueta.com\/wp-content\/uploads\/2024\/10\/12604-1024x681.jpg);\" role=\"img\" aria-label=\"12604\"><\/div>\n\t\t\t\t<div class=\"elementor-cta__bg-overlay\"><\/div>\n\t\t\t<\/div>\n\t\t\t\t\t\t\t<div class=\"elementor-cta__content\">\n\t\t\t\t\n\t\t\t\t\t\t\t\t\t<h2 class=\"elementor-cta__title elementor-cta__content-item elementor-content-item elementor-animated-item--grow\">\n\t\t\t\t\t\tProfesionaltasuna eta konfiantza!\t\t\t\t\t<\/h2>\n\t\t\t\t\n\t\t\t\t\t\t\t\t\t<div class=\"elementor-cta__description elementor-cta__content-item elementor-content-item elementor-animated-item--grow\">\n\t\t\t\t\t\tGama altuko automobilekin, azken modeloekin, lur orotako ibilgailuekin eta auto zaharrekin lan ezin hobeak egiten ditugu.\t\t\t\t\t<\/div>\n\t\t\t\t\n\t\t\t\t\t\t\t\t\t<div class=\"elementor-cta__button-wrapper elementor-cta__content-item elementor-content-item elementor-animated-item--grow\">\n\t\t\t\t\t<a class=\"elementor-cta__button elementor-button elementor-size-\" href=\"https:\/\/carroceriasolakueta.com\/eu\/contacto\/\">\n\t\t\t\t\t\tHitzordua eskatu\t\t\t\t\t<\/a>\n\t\t\t\t\t<\/div>\n\t\t\t\t\t\t\t<\/div>\n\t\t\t\t\t\t<\/div>\n\t\t\t\t\t\t<\/div>\n\t\t\t\t<\/div>\n\t\t\t\t\t<\/div>\n\t\t\t\t<\/div>\n\t\t\t\t<\/div>","protected":false},"excerpt":{"rendered":"<p>Carrocer\u00edas Olakueta Te esperamos en Berriz&#8230; \u00a1Conf\u00edanos tu veh\u00edculo! Servicios Carrocer\u00edas Olakueta S.L.U. Somos un taller mec\u00e1nico especializado en chapa y pintura con m\u00e1s de 35 a\u00f1os de experiencia en el sector automotriz. A lo largo de nuestra trayectoria, hemos trabajado con una filosof\u00eda de innovaci\u00f3n permanente para ofrecer siempre el mejor servicio. Nos encontrar\u00e1s [&hellip;]<\/p>\n","protected":false},"author":2,"featured_media":0,"parent":0,"menu_order":0,"comment_status":"closed","ping_status":"closed","template":"elementor_canvas","meta":{"footnotes":""},"class_list":["post-2","page","type-page","status-publish","hentry"],"yoast_head":"<!-- This site is optimized with the Yoast SEO plugin v27.5 - https:\/\/yoast.com\/product\/yoast-seo-wordpress\/ -->\n<title>Inicio - Carrocerias Olakueta<\/title>\n<meta name=\"description\" content=\"En Peluquer\u00eda y Sal\u00f3n Elemen, en Gernika, transformamos tu lok con cortes, coloraci\u00f3n y peinados \u00fanicos. La experiencia y calidad te esperan.\" \/>\n<meta name=\"robots\" content=\"index, follow, max-snippet:-1, max-image-preview:large, max-video-preview:-1\" \/>\n<link rel=\"canonical\" href=\"https:\/\/carroceriasolakueta.com\/eu\/\" \/>\n<meta property=\"og:locale\" content=\"en_US\" \/>\n<meta property=\"og:type\" content=\"article\" \/>\n<meta property=\"og:title\" content=\"Inicio - Carrocerias Olakueta\" \/>\n<meta property=\"og:description\" content=\"En Peluquer\u00eda y Sal\u00f3n Elemen, en Gernika, transformamos tu lok con cortes, coloraci\u00f3n y peinados \u00fanicos. La experiencia y calidad te esperan.\" \/>\n<meta property=\"og:url\" content=\"https:\/\/carroceriasolakueta.com\/eu\/\" \/>\n<meta property=\"og:site_name\" content=\"Carrocerias Olakueta\" \/>\n<meta property=\"article:modified_time\" content=\"2025-02-25T14:57:12+00:00\" \/>\n<meta property=\"og:image\" content=\"https:\/\/carroceriasolakueta.com\/wp-content\/uploads\/2025\/02\/banner.jpg\" \/>\n\t<meta property=\"og:image:width\" content=\"1600\" \/>\n\t<meta property=\"og:image:height\" content=\"550\" \/>\n\t<meta property=\"og:image:type\" content=\"image\/jpeg\" \/>\n<meta name=\"twitter:card\" content=\"summary_large_image\" \/>\n<meta name=\"twitter:label1\" content=\"Est. reading time\" \/>\n\t<meta name=\"twitter:data1\" content=\"1 minutua\" \/>\n<script type=\"application\/ld+json\" class=\"yoast-schema-graph\">{\"@context\":\"https:\\\/\\\/schema.org\",\"@graph\":[{\"@type\":\"WebPage\",\"@id\":\"https:\\\/\\\/carroceriasolakueta.com\\\/\",\"url\":\"https:\\\/\\\/carroceriasolakueta.com\\\/\",\"name\":\"Inicio - Carrocerias Olakueta\",\"isPartOf\":{\"@id\":\"https:\\\/\\\/carroceriasolakueta.com\\\/#website\"},\"primaryImageOfPage\":{\"@id\":\"https:\\\/\\\/carroceriasolakueta.com\\\/#primaryimage\"},\"image\":{\"@id\":\"https:\\\/\\\/carroceriasolakueta.com\\\/#primaryimage\"},\"thumbnailUrl\":\"https:\\\/\\\/carroceriasolakueta.com\\\/wp-content\\\/uploads\\\/2025\\\/02\\\/banner-1024x352.jpg\",\"datePublished\":\"2024-10-25T11:22:47+00:00\",\"dateModified\":\"2025-02-25T14:57:12+00:00\",\"description\":\"En Peluquer\u00eda y Sal\u00f3n Elemen, en Gernika, transformamos tu lok con cortes, coloraci\u00f3n y peinados \u00fanicos. La experiencia y calidad te esperan.\",\"breadcrumb\":{\"@id\":\"https:\\\/\\\/carroceriasolakueta.com\\\/#breadcrumb\"},\"inLanguage\":\"eu\",\"potentialAction\":[{\"@type\":\"ReadAction\",\"target\":[\"https:\\\/\\\/carroceriasolakueta.com\\\/\"]}]},{\"@type\":\"ImageObject\",\"inLanguage\":\"eu\",\"@id\":\"https:\\\/\\\/carroceriasolakueta.com\\\/#primaryimage\",\"url\":\"https:\\\/\\\/carroceriasolakueta.com\\\/wp-content\\\/uploads\\\/2025\\\/02\\\/banner-1024x352.jpg\",\"contentUrl\":\"https:\\\/\\\/carroceriasolakueta.com\\\/wp-content\\\/uploads\\\/2025\\\/02\\\/banner-1024x352.jpg\"},{\"@type\":\"BreadcrumbList\",\"@id\":\"https:\\\/\\\/carroceriasolakueta.com\\\/#breadcrumb\",\"itemListElement\":[{\"@type\":\"ListItem\",\"position\":1,\"name\":\"Portada\",\"item\":\"https:\\\/\\\/carroceriasolakueta.com\\\/\"},{\"@type\":\"ListItem\",\"position\":2,\"name\":\"Inicio\"}]},{\"@type\":\"WebSite\",\"@id\":\"https:\\\/\\\/carroceriasolakueta.com\\\/#website\",\"url\":\"https:\\\/\\\/carroceriasolakueta.com\\\/\",\"name\":\"Carrocerias Olakueta\",\"description\":\"Reparaci\u00f3n de carrocer\u00edas\",\"publisher\":{\"@id\":\"https:\\\/\\\/carroceriasolakueta.com\\\/#organization\"},\"potentialAction\":[{\"@type\":\"SearchAction\",\"target\":{\"@type\":\"EntryPoint\",\"urlTemplate\":\"https:\\\/\\\/carroceriasolakueta.com\\\/?s={search_term_string}\"},\"query-input\":{\"@type\":\"PropertyValueSpecification\",\"valueRequired\":true,\"valueName\":\"search_term_string\"}}],\"inLanguage\":\"eu\"},{\"@type\":\"Organization\",\"@id\":\"https:\\\/\\\/carroceriasolakueta.com\\\/#organization\",\"name\":\"Carrocerias Olakueta\",\"url\":\"https:\\\/\\\/carroceriasolakueta.com\\\/\",\"logo\":{\"@type\":\"ImageObject\",\"inLanguage\":\"eu\",\"@id\":\"https:\\\/\\\/carroceriasolakueta.com\\\/#\\\/schema\\\/logo\\\/image\\\/\",\"url\":\"https:\\\/\\\/carroceriasolakueta.com\\\/wp-content\\\/uploads\\\/2025\\\/02\\\/cropped-michaela-corens-1.png\",\"contentUrl\":\"https:\\\/\\\/carroceriasolakueta.com\\\/wp-content\\\/uploads\\\/2025\\\/02\\\/cropped-michaela-corens-1.png\",\"width\":444,\"height\":373,\"caption\":\"Carrocerias Olakueta\"},\"image\":{\"@id\":\"https:\\\/\\\/carroceriasolakueta.com\\\/#\\\/schema\\\/logo\\\/image\\\/\"}}]}<\/script>\n<!-- \/ Yoast SEO plugin. -->","yoast_head_json":{"title":"Inicio - Carrocerias Olakueta","description":"En Peluquer\u00eda y Sal\u00f3n Elemen, en Gernika, transformamos tu lok con cortes, coloraci\u00f3n y peinados \u00fanicos. La experiencia y calidad te esperan.","robots":{"index":"index","follow":"follow","max-snippet":"max-snippet:-1","max-image-preview":"max-image-preview:large","max-video-preview":"max-video-preview:-1"},"canonical":"https:\/\/carroceriasolakueta.com\/eu\/","og_locale":"en_US","og_type":"article","og_title":"Inicio - Carrocerias Olakueta","og_description":"En Peluquer\u00eda y Sal\u00f3n Elemen, en Gernika, transformamos tu lok con cortes, coloraci\u00f3n y peinados \u00fanicos. La experiencia y calidad te esperan.","og_url":"https:\/\/carroceriasolakueta.com\/eu\/","og_site_name":"Carrocerias Olakueta","article_modified_time":"2025-02-25T14:57:12+00:00","og_image":[{"width":1600,"height":550,"url":"https:\/\/carroceriasolakueta.com\/wp-content\/uploads\/2025\/02\/banner.jpg","type":"image\/jpeg"}],"twitter_card":"summary_large_image","twitter_misc":{"Est. reading time":"1 minutua"},"schema":{"@context":"https:\/\/schema.org","@graph":[{"@type":"WebPage","@id":"https:\/\/carroceriasolakueta.com\/","url":"https:\/\/carroceriasolakueta.com\/","name":"Inicio - Carrocerias Olakueta","isPartOf":{"@id":"https:\/\/carroceriasolakueta.com\/#website"},"primaryImageOfPage":{"@id":"https:\/\/carroceriasolakueta.com\/#primaryimage"},"image":{"@id":"https:\/\/carroceriasolakueta.com\/#primaryimage"},"thumbnailUrl":"https:\/\/carroceriasolakueta.com\/wp-content\/uploads\/2025\/02\/banner-1024x352.jpg","datePublished":"2024-10-25T11:22:47+00:00","dateModified":"2025-02-25T14:57:12+00:00","description":"En Peluquer\u00eda y Sal\u00f3n Elemen, en Gernika, transformamos tu lok con cortes, coloraci\u00f3n y peinados \u00fanicos. La experiencia y calidad te esperan.","breadcrumb":{"@id":"https:\/\/carroceriasolakueta.com\/#breadcrumb"},"inLanguage":"eu","potentialAction":[{"@type":"ReadAction","target":["https:\/\/carroceriasolakueta.com\/"]}]},{"@type":"ImageObject","inLanguage":"eu","@id":"https:\/\/carroceriasolakueta.com\/#primaryimage","url":"https:\/\/carroceriasolakueta.com\/wp-content\/uploads\/2025\/02\/banner-1024x352.jpg","contentUrl":"https:\/\/carroceriasolakueta.com\/wp-content\/uploads\/2025\/02\/banner-1024x352.jpg"},{"@type":"BreadcrumbList","@id":"https:\/\/carroceriasolakueta.com\/#breadcrumb","itemListElement":[{"@type":"ListItem","position":1,"name":"Portada","item":"https:\/\/carroceriasolakueta.com\/"},{"@type":"ListItem","position":2,"name":"Inicio"}]},{"@type":"WebSite","@id":"https:\/\/carroceriasolakueta.com\/#website","url":"https:\/\/carroceriasolakueta.com\/","name":"Carrocerias Olakueta","description":"Reparaci\u00f3n de carrocer\u00edas","publisher":{"@id":"https:\/\/carroceriasolakueta.com\/#organization"},"potentialAction":[{"@type":"SearchAction","target":{"@type":"EntryPoint","urlTemplate":"https:\/\/carroceriasolakueta.com\/?s={search_term_string}"},"query-input":{"@type":"PropertyValueSpecification","valueRequired":true,"valueName":"search_term_string"}}],"inLanguage":"eu"},{"@type":"Organization","@id":"https:\/\/carroceriasolakueta.com\/#organization","name":"Carrocerias Olakueta","url":"https:\/\/carroceriasolakueta.com\/","logo":{"@type":"ImageObject","inLanguage":"eu","@id":"https:\/\/carroceriasolakueta.com\/#\/schema\/logo\/image\/","url":"https:\/\/carroceriasolakueta.com\/wp-content\/uploads\/2025\/02\/cropped-michaela-corens-1.png","contentUrl":"https:\/\/carroceriasolakueta.com\/wp-content\/uploads\/2025\/02\/cropped-michaela-corens-1.png","width":444,"height":373,"caption":"Carrocerias Olakueta"},"image":{"@id":"https:\/\/carroceriasolakueta.com\/#\/schema\/logo\/image\/"}}]}},"_links":{"self":[{"href":"https:\/\/carroceriasolakueta.com\/eu\/wp-json\/wp\/v2\/pages\/2","targetHints":{"allow":["GET"]}}],"collection":[{"href":"https:\/\/carroceriasolakueta.com\/eu\/wp-json\/wp\/v2\/pages"}],"about":[{"href":"https:\/\/carroceriasolakueta.com\/eu\/wp-json\/wp\/v2\/types\/page"}],"author":[{"embeddable":true,"href":"https:\/\/carroceriasolakueta.com\/eu\/wp-json\/wp\/v2\/users\/2"}],"replies":[{"embeddable":true,"href":"https:\/\/carroceriasolakueta.com\/eu\/wp-json\/wp\/v2\/comments?post=2"}],"version-history":[{"count":305,"href":"https:\/\/carroceriasolakueta.com\/eu\/wp-json\/wp\/v2\/pages\/2\/revisions"}],"predecessor-version":[{"id":1221,"href":"https:\/\/carroceriasolakueta.com\/eu\/wp-json\/wp\/v2\/pages\/2\/revisions\/1221"}],"wp:attachment":[{"href":"https:\/\/carroceriasolakueta.com\/eu\/wp-json\/wp\/v2\/media?parent=2"}],"curies":[{"name":"wp","href":"https:\/\/api.w.org\/{rel}","templated":true}]}}