{"id":18,"date":"2024-10-25T14:05:31","date_gmt":"2024-10-25T14:05:31","guid":{"rendered":"https:\/\/peluqueriaelemen.rkinformatika.online\/?page_id=18"},"modified":"2025-02-20T13:16:12","modified_gmt":"2025-02-20T13:16:12","slug":"servicios","status":"publish","type":"page","link":"https:\/\/carroceriasolakueta.com\/eu\/servicios\/","title":{"rendered":"Zerbitzuak"},"content":{"rendered":"<div data-elementor-type=\"wp-page\" data-elementor-id=\"18\" class=\"elementor elementor-18\" data-elementor-post-type=\"page\">\n\t\t\t\t\t\t<section class=\"elementor-section elementor-top-section elementor-element elementor-element-6278322 elementor-section-full_width elementor-section-height-min-height elementor-section-height-default elementor-section-items-middle\" data-id=\"6278322\" data-element_type=\"section\" data-e-type=\"section\" data-settings=\"{&quot;background_background&quot;:&quot;classic&quot;}\">\n\t\t\t\t\t\t\t<div class=\"elementor-background-overlay\"><\/div>\n\t\t\t\t\t\t\t<div class=\"elementor-container elementor-column-gap-default\">\n\t\t\t\t\t<div class=\"elementor-column elementor-col-100 elementor-top-column elementor-element elementor-element-82483e6\" data-id=\"82483e6\" data-element_type=\"column\" data-e-type=\"column\">\n\t\t\t<div class=\"elementor-widget-wrap elementor-element-populated\">\n\t\t\t\t\t\t<div class=\"elementor-element elementor-element-58a9f77 elementor-widget__width-initial elementor-widget-mobile__width-initial elementor-widget elementor-widget-heading\" data-id=\"58a9f77\" data-element_type=\"widget\" data-e-type=\"widget\" data-widget_type=\"heading.default\">\n\t\t\t\t<div class=\"elementor-widget-container\">\n\t\t\t\t\t<h1 class=\"elementor-heading-title elementor-size-default\">\u00a1Servicio de calidad!<\/h1>\t\t\t\t<\/div>\n\t\t\t\t<\/div>\n\t\t\t\t<div class=\"elementor-element elementor-element-843ba67 elementor-widget__width-initial elementor-widget-mobile__width-initial elementor-widget elementor-widget-text-editor\" data-id=\"843ba67\" data-element_type=\"widget\" data-e-type=\"widget\" data-widget_type=\"text-editor.default\">\n\t\t\t\t<div class=\"elementor-widget-container\">\n\t\t\t\t\t\t\t\t\t<p>Fida zaitez zure ibilgailuaz!<\/p>\t\t\t\t\t\t\t\t<\/div>\n\t\t\t\t<\/div>\n\t\t\t\t\t<\/div>\n\t\t<\/div>\n\t\t\t\t\t<\/div>\n\t\t<\/section>\n\t\t<div class=\"elementor-element elementor-element-c3d6a5d e-flex e-con-boxed e-con e-parent\" data-id=\"c3d6a5d\" data-element_type=\"container\" data-e-type=\"container\">\n\t\t\t\t\t<div class=\"e-con-inner\">\n\t\t\t\t<div class=\"elementor-element elementor-element-314000e elementor-widget elementor-widget-heading\" data-id=\"314000e\" data-element_type=\"widget\" data-e-type=\"widget\" data-widget_type=\"heading.default\">\n\t\t\t\t<div class=\"elementor-widget-container\">\n\t\t\t\t\t<h2 class=\"elementor-heading-title elementor-size-default\">Personalizamos y adaptamos los servicios a las necesidades de nuestros clientes, con el fin de cumplir con sus expectativas e incluso superarlas.<\/h2>\t\t\t\t<\/div>\n\t\t\t\t<\/div>\n\t\t\t\t\t<\/div>\n\t\t\t\t<\/div>\n\t\t<div class=\"elementor-element elementor-element-3ffb2a0 e-flex e-con-boxed e-con e-parent\" data-id=\"3ffb2a0\" data-element_type=\"container\" data-e-type=\"container\">\n\t\t\t\t\t<div class=\"e-con-inner\">\n\t\t<div class=\"elementor-element elementor-element-113c0fb e-con-full e-flex elementor-invisible e-con e-child\" data-id=\"113c0fb\" data-element_type=\"container\" data-e-type=\"container\" data-settings=\"{&quot;animation&quot;:&quot;zoomIn&quot;}\">\n\t\t\t\t<div class=\"elementor-element elementor-element-9839502 elementor-widget elementor-widget-image-box\" data-id=\"9839502\" data-element_type=\"widget\" data-e-type=\"widget\" data-widget_type=\"image-box.default\">\n\t\t\t\t<div class=\"elementor-widget-container\">\n\t\t\t\t\t<div class=\"elementor-image-box-wrapper\"><div class=\"elementor-image-box-content\"><h3 class=\"elementor-image-box-title\">Cambio de color de carrocer\u00edas<\/h3><p class=\"elementor-image-box-description\">Renueva por completo la apariencia de tu coche con un acabado impecable y duradero.<\/p><\/div><\/div>\t\t\t\t<\/div>\n\t\t\t\t<\/div>\n\t\t\t\t<\/div>\n\t\t<div class=\"elementor-element elementor-element-fa44c07 e-con-full e-flex elementor-invisible e-con e-child\" data-id=\"fa44c07\" data-element_type=\"container\" data-e-type=\"container\" data-settings=\"{&quot;animation&quot;:&quot;zoomIn&quot;}\">\n\t\t\t\t<div class=\"elementor-element elementor-element-188aa71 elementor-widget elementor-widget-image-box\" data-id=\"188aa71\" data-element_type=\"widget\" data-e-type=\"widget\" data-widget_type=\"image-box.default\">\n\t\t\t\t<div class=\"elementor-widget-container\">\n\t\t\t\t\t<div class=\"elementor-image-box-wrapper\"><div class=\"elementor-image-box-content\"><h3 class=\"elementor-image-box-title\">Desmontaje total y reparaci\u00f3n de golpes<\/h3><p class=\"elementor-image-box-description\">Realizamos el desmontaje total del veh\u00edculo para reparaciones integrales, asegurando que luzca como nuevo tras cualquier accidente o golpe.<\/p><\/div><\/div>\t\t\t\t<\/div>\n\t\t\t\t<\/div>\n\t\t\t\t<\/div>\n\t\t\t\t\t<\/div>\n\t\t\t\t<\/div>\n\t\t<div class=\"elementor-element elementor-element-d1c1108 e-flex e-con-boxed e-con e-parent\" data-id=\"d1c1108\" data-element_type=\"container\" data-e-type=\"container\">\n\t\t\t\t\t<div class=\"e-con-inner\">\n\t\t<div class=\"elementor-element elementor-element-45ae263 e-con-full e-flex elementor-invisible e-con e-child\" data-id=\"45ae263\" data-element_type=\"container\" data-e-type=\"container\" data-settings=\"{&quot;animation&quot;:&quot;zoomIn&quot;}\">\n\t\t\t\t<div class=\"elementor-element elementor-element-e62cfae elementor-widget elementor-widget-image-box\" data-id=\"e62cfae\" data-element_type=\"widget\" data-e-type=\"widget\" data-widget_type=\"image-box.default\">\n\t\t\t\t<div class=\"elementor-widget-container\">\n\t\t\t\t\t<div class=\"elementor-image-box-wrapper\"><div class=\"elementor-image-box-content\"><h3 class=\"elementor-image-box-title\">Chapa y pintura<\/h3><p class=\"elementor-image-box-description\">Utilizamos t\u00e9cnicas avanzadas para eliminar abolladuras y restaurar el brillo original de tu coche, garantizando un acabado perfecto.<\/p><\/div><\/div>\t\t\t\t<\/div>\n\t\t\t\t<\/div>\n\t\t\t\t<\/div>\n\t\t<div class=\"elementor-element elementor-element-6c82ad9 e-con-full e-flex elementor-invisible e-con e-child\" data-id=\"6c82ad9\" data-element_type=\"container\" data-e-type=\"container\" data-settings=\"{&quot;animation&quot;:&quot;zoomIn&quot;}\">\n\t\t\t\t<div class=\"elementor-element elementor-element-fa5c2ce elementor-widget elementor-widget-image-box\" data-id=\"fa5c2ce\" data-element_type=\"widget\" data-e-type=\"widget\" data-widget_type=\"image-box.default\">\n\t\t\t\t<div class=\"elementor-widget-container\">\n\t\t\t\t\t<div class=\"elementor-image-box-wrapper\"><div class=\"elementor-image-box-content\"><h3 class=\"elementor-image-box-title\">Reparaci\u00f3n de coches deportivos<\/h3><p class=\"elementor-image-box-description\">Especialistas en el mantenimiento y reparaci\u00f3n de veh\u00edculos de alta gama y deportivos, con una atenci\u00f3n especial a cada detalle.<\/p><\/div><\/div>\t\t\t\t<\/div>\n\t\t\t\t<\/div>\n\t\t\t\t<\/div>\n\t\t\t\t\t<\/div>\n\t\t\t\t<\/div>\n\t\t<div class=\"elementor-element elementor-element-156682a e-flex e-con-boxed e-con e-parent\" data-id=\"156682a\" data-element_type=\"container\" data-e-type=\"container\">\n\t\t\t\t\t<div class=\"e-con-inner\">\n\t\t<div class=\"elementor-element elementor-element-7354adb e-con-full e-flex elementor-invisible e-con e-child\" data-id=\"7354adb\" data-element_type=\"container\" data-e-type=\"container\" data-settings=\"{&quot;animation&quot;:&quot;zoomIn&quot;}\">\n\t\t\t\t<div class=\"elementor-element elementor-element-3faffab elementor-widget elementor-widget-image-box\" data-id=\"3faffab\" data-element_type=\"widget\" data-e-type=\"widget\" data-widget_type=\"image-box.default\">\n\t\t\t\t<div class=\"elementor-widget-container\">\n\t\t\t\t\t<div class=\"elementor-image-box-wrapper\"><div class=\"elementor-image-box-content\"><h3 class=\"elementor-image-box-title\">Mec\u00e1nica general<\/h3><p class=\"elementor-image-box-description\">Todo lo relacionado con mec\u00e1nica automotriz, desde revisiones hasta reparaciones de sistemas el\u00e9ctricos, frenos, suspensi\u00f3n y mucho m\u00e1s.<\/p><\/div><\/div>\t\t\t\t<\/div>\n\t\t\t\t<\/div>\n\t\t\t\t<\/div>\n\t\t<div class=\"elementor-element elementor-element-5676d43 e-con-full e-flex elementor-invisible e-con e-child\" data-id=\"5676d43\" data-element_type=\"container\" data-e-type=\"container\" data-settings=\"{&quot;animation&quot;:&quot;zoomIn&quot;}\">\n\t\t\t\t<div class=\"elementor-element elementor-element-005f9cd elementor-widget elementor-widget-image-box\" data-id=\"005f9cd\" data-element_type=\"widget\" data-e-type=\"widget\" data-widget_type=\"image-box.default\">\n\t\t\t\t<div class=\"elementor-widget-container\">\n\t\t\t\t\t<div class=\"elementor-image-box-wrapper\"><div class=\"elementor-image-box-content\"><h3 class=\"elementor-image-box-title\">Diagn\u00f3stico avanzado:<\/h3><p class=\"elementor-image-box-description\">Contamos con tecnolog\u00eda de diagn\u00f3stico para detectar cualquier fallo mec\u00e1nico o el\u00e9ctrico y ofrecer soluciones r\u00e1pidas y precisas.<\/p><\/div><\/div>\t\t\t\t<\/div>\n\t\t\t\t<\/div>\n\t\t\t\t<\/div>\n\t\t\t\t\t<\/div>\n\t\t\t\t<\/div>\n\t\t<div class=\"elementor-element elementor-element-0213d35 e-flex e-con-boxed e-con e-parent\" data-id=\"0213d35\" data-element_type=\"container\" data-e-type=\"container\">\n\t\t\t\t\t<div class=\"e-con-inner\">\n\t\t\t\t<div class=\"elementor-element elementor-element-a995b8c elementor-cta--skin-cover elementor-animated-content elementor-bg-transform elementor-bg-transform-zoom-in elementor-widget elementor-widget-call-to-action\" data-id=\"a995b8c\" data-element_type=\"widget\" data-e-type=\"widget\" data-widget_type=\"call-to-action.default\">\n\t\t\t\t<div class=\"elementor-widget-container\">\n\t\t\t\t\t\t\t<div class=\"elementor-cta\">\n\t\t\t\t\t<div class=\"elementor-cta__bg-wrapper\">\n\t\t\t\t<div class=\"elementor-cta__bg elementor-bg\" style=\"background-image: url(https:\/\/carroceriasolakueta.com\/wp-content\/uploads\/2024\/10\/12604-1024x681.jpg);\" role=\"img\" aria-label=\"12604\"><\/div>\n\t\t\t\t<div class=\"elementor-cta__bg-overlay\"><\/div>\n\t\t\t<\/div>\n\t\t\t\t\t\t\t<div class=\"elementor-cta__content\">\n\t\t\t\t\n\t\t\t\t\t\t\t\t\t<h2 class=\"elementor-cta__title elementor-cta__content-item elementor-content-item elementor-animated-item--grow\">\n\t\t\t\t\t\t\u00a1Solicita tu presupuesto sin compromiso!\t\t\t\t\t<\/h2>\n\t\t\t\t\n\t\t\t\t\t\t\t\t\t<div class=\"elementor-cta__description elementor-cta__content-item elementor-content-item elementor-animated-item--grow\">\n\t\t\t\t\t\tRenueva por completo la apariencia de tu coche.\t\t\t\t\t<\/div>\n\t\t\t\t\n\t\t\t\t\t\t\t\t\t<div class=\"elementor-cta__button-wrapper elementor-cta__content-item elementor-content-item elementor-animated-item--grow\">\n\t\t\t\t\t<a class=\"elementor-cta__button elementor-button elementor-size-\" href=\"https:\/\/carroceriasolakueta.com\/eu\/contacto\/\">\n\t\t\t\t\t\tHitzordua eskatu\t\t\t\t\t<\/a>\n\t\t\t\t\t<\/div>\n\t\t\t\t\t\t\t<\/div>\n\t\t\t\t\t\t<\/div>\n\t\t\t\t\t\t<\/div>\n\t\t\t\t<\/div>\n\t\t\t\t\t<\/div>\n\t\t\t\t<\/div>\n\t\t\t\t<\/div>","protected":false},"excerpt":{"rendered":"<p>\u00a1Servicio de calidad! \u00a1Conf\u00edanos tu veh\u00edculo! Personalizamos y adaptamos los servicios a las necesidades de nuestros clientes, con el fin de cumplir con sus expectativas e incluso superarlas. Cambio de color de carrocer\u00edas Renueva por completo la apariencia de tu coche con un acabado impecable y duradero. Desmontaje total y reparaci\u00f3n de golpes Realizamos el [&hellip;]<\/p>\n","protected":false},"author":2,"featured_media":0,"parent":0,"menu_order":0,"comment_status":"closed","ping_status":"closed","template":"elementor_canvas","meta":{"footnotes":""},"class_list":["post-18","page","type-page","status-publish","hentry"],"yoast_head":"<!-- This site is optimized with the Yoast SEO plugin v27.5 - https:\/\/yoast.com\/product\/yoast-seo-wordpress\/ -->\n<title>Servicios - Carrocerias Olakueta<\/title>\n<meta name=\"robots\" content=\"index, follow, max-snippet:-1, max-image-preview:large, max-video-preview:-1\" \/>\n<link rel=\"canonical\" href=\"https:\/\/carroceriasolakueta.com\/eu\/servicios\/\" \/>\n<meta property=\"og:locale\" content=\"en_US\" \/>\n<meta property=\"og:type\" content=\"article\" \/>\n<meta property=\"og:title\" content=\"Servicios - Carrocerias Olakueta\" \/>\n<meta property=\"og:description\" content=\"\u00a1Servicio de calidad! \u00a1Conf\u00edanos tu veh\u00edculo! Personalizamos y adaptamos los servicios a las necesidades de nuestros clientes, con el fin de cumplir con sus expectativas e incluso superarlas. Cambio de color de carrocer\u00edas Renueva por completo la apariencia de tu coche con un acabado impecable y duradero. Desmontaje total y reparaci\u00f3n de golpes Realizamos el [&hellip;]\" \/>\n<meta property=\"og:url\" content=\"https:\/\/carroceriasolakueta.com\/eu\/servicios\/\" \/>\n<meta property=\"og:site_name\" content=\"Carrocerias Olakueta\" \/>\n<meta property=\"article:modified_time\" content=\"2025-02-20T13:16:12+00:00\" \/>\n<meta name=\"twitter:card\" content=\"summary_large_image\" \/>\n<meta name=\"twitter:label1\" content=\"Est. reading time\" \/>\n\t<meta name=\"twitter:data1\" content=\"1 minutua\" \/>\n<script type=\"application\/ld+json\" class=\"yoast-schema-graph\">{\"@context\":\"https:\\\/\\\/schema.org\",\"@graph\":[{\"@type\":\"WebPage\",\"@id\":\"https:\\\/\\\/carroceriasolakueta.com\\\/servicios\\\/\",\"url\":\"https:\\\/\\\/carroceriasolakueta.com\\\/servicios\\\/\",\"name\":\"Servicios - Carrocerias Olakueta\",\"isPartOf\":{\"@id\":\"https:\\\/\\\/carroceriasolakueta.com\\\/#website\"},\"datePublished\":\"2024-10-25T14:05:31+00:00\",\"dateModified\":\"2025-02-20T13:16:12+00:00\",\"breadcrumb\":{\"@id\":\"https:\\\/\\\/carroceriasolakueta.com\\\/servicios\\\/#breadcrumb\"},\"inLanguage\":\"eu\",\"potentialAction\":[{\"@type\":\"ReadAction\",\"target\":[\"https:\\\/\\\/carroceriasolakueta.com\\\/servicios\\\/\"]}]},{\"@type\":\"BreadcrumbList\",\"@id\":\"https:\\\/\\\/carroceriasolakueta.com\\\/servicios\\\/#breadcrumb\",\"itemListElement\":[{\"@type\":\"ListItem\",\"position\":1,\"name\":\"Portada\",\"item\":\"https:\\\/\\\/carroceriasolakueta.com\\\/\"},{\"@type\":\"ListItem\",\"position\":2,\"name\":\"Servicios\"}]},{\"@type\":\"WebSite\",\"@id\":\"https:\\\/\\\/carroceriasolakueta.com\\\/#website\",\"url\":\"https:\\\/\\\/carroceriasolakueta.com\\\/\",\"name\":\"Carrocerias Olakueta\",\"description\":\"Reparaci\u00f3n de carrocer\u00edas\",\"publisher\":{\"@id\":\"https:\\\/\\\/carroceriasolakueta.com\\\/#organization\"},\"potentialAction\":[{\"@type\":\"SearchAction\",\"target\":{\"@type\":\"EntryPoint\",\"urlTemplate\":\"https:\\\/\\\/carroceriasolakueta.com\\\/?s={search_term_string}\"},\"query-input\":{\"@type\":\"PropertyValueSpecification\",\"valueRequired\":true,\"valueName\":\"search_term_string\"}}],\"inLanguage\":\"eu\"},{\"@type\":\"Organization\",\"@id\":\"https:\\\/\\\/carroceriasolakueta.com\\\/#organization\",\"name\":\"Carrocerias Olakueta\",\"url\":\"https:\\\/\\\/carroceriasolakueta.com\\\/\",\"logo\":{\"@type\":\"ImageObject\",\"inLanguage\":\"eu\",\"@id\":\"https:\\\/\\\/carroceriasolakueta.com\\\/#\\\/schema\\\/logo\\\/image\\\/\",\"url\":\"https:\\\/\\\/carroceriasolakueta.com\\\/wp-content\\\/uploads\\\/2025\\\/02\\\/cropped-michaela-corens-1.png\",\"contentUrl\":\"https:\\\/\\\/carroceriasolakueta.com\\\/wp-content\\\/uploads\\\/2025\\\/02\\\/cropped-michaela-corens-1.png\",\"width\":444,\"height\":373,\"caption\":\"Carrocerias Olakueta\"},\"image\":{\"@id\":\"https:\\\/\\\/carroceriasolakueta.com\\\/#\\\/schema\\\/logo\\\/image\\\/\"}}]}<\/script>\n<!-- \/ Yoast SEO plugin. -->","yoast_head_json":{"title":"Servicios - Carrocerias Olakueta","robots":{"index":"index","follow":"follow","max-snippet":"max-snippet:-1","max-image-preview":"max-image-preview:large","max-video-preview":"max-video-preview:-1"},"canonical":"https:\/\/carroceriasolakueta.com\/eu\/servicios\/","og_locale":"en_US","og_type":"article","og_title":"Servicios - Carrocerias Olakueta","og_description":"\u00a1Servicio de calidad! \u00a1Conf\u00edanos tu veh\u00edculo! Personalizamos y adaptamos los servicios a las necesidades de nuestros clientes, con el fin de cumplir con sus expectativas e incluso superarlas. Cambio de color de carrocer\u00edas Renueva por completo la apariencia de tu coche con un acabado impecable y duradero. Desmontaje total y reparaci\u00f3n de golpes Realizamos el [&hellip;]","og_url":"https:\/\/carroceriasolakueta.com\/eu\/servicios\/","og_site_name":"Carrocerias Olakueta","article_modified_time":"2025-02-20T13:16:12+00:00","twitter_card":"summary_large_image","twitter_misc":{"Est. reading time":"1 minutua"},"schema":{"@context":"https:\/\/schema.org","@graph":[{"@type":"WebPage","@id":"https:\/\/carroceriasolakueta.com\/servicios\/","url":"https:\/\/carroceriasolakueta.com\/servicios\/","name":"Servicios - Carrocerias Olakueta","isPartOf":{"@id":"https:\/\/carroceriasolakueta.com\/#website"},"datePublished":"2024-10-25T14:05:31+00:00","dateModified":"2025-02-20T13:16:12+00:00","breadcrumb":{"@id":"https:\/\/carroceriasolakueta.com\/servicios\/#breadcrumb"},"inLanguage":"eu","potentialAction":[{"@type":"ReadAction","target":["https:\/\/carroceriasolakueta.com\/servicios\/"]}]},{"@type":"BreadcrumbList","@id":"https:\/\/carroceriasolakueta.com\/servicios\/#breadcrumb","itemListElement":[{"@type":"ListItem","position":1,"name":"Portada","item":"https:\/\/carroceriasolakueta.com\/"},{"@type":"ListItem","position":2,"name":"Servicios"}]},{"@type":"WebSite","@id":"https:\/\/carroceriasolakueta.com\/#website","url":"https:\/\/carroceriasolakueta.com\/","name":"Carrocerias Olakueta","description":"Reparaci\u00f3n de carrocer\u00edas","publisher":{"@id":"https:\/\/carroceriasolakueta.com\/#organization"},"potentialAction":[{"@type":"SearchAction","target":{"@type":"EntryPoint","urlTemplate":"https:\/\/carroceriasolakueta.com\/?s={search_term_string}"},"query-input":{"@type":"PropertyValueSpecification","valueRequired":true,"valueName":"search_term_string"}}],"inLanguage":"eu"},{"@type":"Organization","@id":"https:\/\/carroceriasolakueta.com\/#organization","name":"Carrocerias Olakueta","url":"https:\/\/carroceriasolakueta.com\/","logo":{"@type":"ImageObject","inLanguage":"eu","@id":"https:\/\/carroceriasolakueta.com\/#\/schema\/logo\/image\/","url":"https:\/\/carroceriasolakueta.com\/wp-content\/uploads\/2025\/02\/cropped-michaela-corens-1.png","contentUrl":"https:\/\/carroceriasolakueta.com\/wp-content\/uploads\/2025\/02\/cropped-michaela-corens-1.png","width":444,"height":373,"caption":"Carrocerias Olakueta"},"image":{"@id":"https:\/\/carroceriasolakueta.com\/#\/schema\/logo\/image\/"}}]}},"_links":{"self":[{"href":"https:\/\/carroceriasolakueta.com\/eu\/wp-json\/wp\/v2\/pages\/18","targetHints":{"allow":["GET"]}}],"collection":[{"href":"https:\/\/carroceriasolakueta.com\/eu\/wp-json\/wp\/v2\/pages"}],"about":[{"href":"https:\/\/carroceriasolakueta.com\/eu\/wp-json\/wp\/v2\/types\/page"}],"author":[{"embeddable":true,"href":"https:\/\/carroceriasolakueta.com\/eu\/wp-json\/wp\/v2\/users\/2"}],"replies":[{"embeddable":true,"href":"https:\/\/carroceriasolakueta.com\/eu\/wp-json\/wp\/v2\/comments?post=18"}],"version-history":[{"count":241,"href":"https:\/\/carroceriasolakueta.com\/eu\/wp-json\/wp\/v2\/pages\/18\/revisions"}],"predecessor-version":[{"id":1201,"href":"https:\/\/carroceriasolakueta.com\/eu\/wp-json\/wp\/v2\/pages\/18\/revisions\/1201"}],"wp:attachment":[{"href":"https:\/\/carroceriasolakueta.com\/eu\/wp-json\/wp\/v2\/media?parent=18"}],"curies":[{"name":"wp","href":"https:\/\/api.w.org\/{rel}","templated":true}]}}